{"id":169,"date":"2021-08-03T14:44:26","date_gmt":"2021-08-03T14:44:26","guid":{"rendered":"https:\/\/satoribudo.be\/?page_id=169"},"modified":"2022-08-15T14:06:41","modified_gmt":"2022-08-15T14:06:41","slug":"169-2","status":"publish","type":"page","link":"https:\/\/satoribudo.be\/?page_id=169","title":{"rendered":"Contacts"},"content":{"rendered":"\n<p class=\"has-text-align-center has-black-color has-text-color\" style=\"font-size:24px\"><strong>Pour nous contacter : <\/strong><\/p>\n\n\n\n<p class=\"has-text-align-center has-black-color has-text-color\" style=\"font-size:28px\"><strong>Alain Germis: 0498\/154650<\/strong><\/p>\n\n\n\n<p class=\"has-text-align-center has-black-color has-text-color\" style=\"font-size:28px\"><strong>Alain Hugot: 0472\/752401<\/strong><\/p>\n\n\n\n<p><\/p>\n\n\n\n<p class=\"has-text-align-center has-black-color has-text-color\" style=\"font-size:24px\"><strong>Pour nous suivre (sur Facebook):<\/strong><\/p>\n\n\n\n<div class=\"wp-block-media-text is-stacked-on-mobile is-vertically-aligned-center\" style=\"grid-template-columns:15% auto\"><figure class=\"wp-block-media-text__media\"><img loading=\"lazy\" decoding=\"async\" width=\"150\" height=\"150\" src=\"https:\/\/satoribudo.be\/wp-content\/uploads\/2021\/12\/facebook-g32010c3d8_1920-150x150.png\" alt=\"\" class=\"wp-image-345 size-thumbnail\" srcset=\"https:\/\/satoribudo.be\/wp-content\/uploads\/2021\/12\/facebook-g32010c3d8_1920-150x150.png 150w, https:\/\/satoribudo.be\/wp-content\/uploads\/2021\/12\/facebook-g32010c3d8_1920-300x300.png 300w, https:\/\/satoribudo.be\/wp-content\/uploads\/2021\/12\/facebook-g32010c3d8_1920-1024x1024.png 1024w, https:\/\/satoribudo.be\/wp-content\/uploads\/2021\/12\/facebook-g32010c3d8_1920-768x768.png 768w, https:\/\/satoribudo.be\/wp-content\/uploads\/2021\/12\/facebook-g32010c3d8_1920-1536x1536.png 1536w, https:\/\/satoribudo.be\/wp-content\/uploads\/2021\/12\/facebook-g32010c3d8_1920-144x144.png 144w, https:\/\/satoribudo.be\/wp-content\/uploads\/2021\/12\/facebook-g32010c3d8_1920-100x100.png 100w, https:\/\/satoribudo.be\/wp-content\/uploads\/2021\/12\/facebook-g32010c3d8_1920.png 1920w\" sizes=\"auto, (max-width: 150px) 100vw, 150px\" \/><\/figure><div class=\"wp-block-media-text__content\">\n<p class=\"has-text-color has-large-font-size\" style=\"color:#054283\"><strong>SATORI BUDO JEMEPPE<\/strong><\/p>\n<\/div><\/div>\n\n\n\n<p><\/p>\n\n\n\n<h2 class=\"has-text-align-center has-black-color has-text-color wp-block-heading\" style=\"font-size:24px\"><strong>Pour nous rejoindre :<\/strong><\/h2>\n\n\n\n<p class=\"has-text-align-center has-black-color has-text-color\"> &#8211;<strong> En venant de Jemeppe, prenez l&rsquo;ancienne route Jemeppe-Fl\u00e9malle, passez devant le d\u00e9p\u00f4t du TEC, tournez \u00e0 droite juste avant le garage Skoda,<br>&#8211; En venant de la voie rapide le long de la Meuse (c\u00f4t\u00e9 Jemeppe), quand vous arrivez au Magasin Carrefour de Fl\u00e9malle, prenez la direction \u00ab\u00a0entr\u00e9e magasin\u00a0\u00bb et passez devant, au petit rond point, prenez \u00e0 droite puis 3\u00e8me \u00e0 gauche.\u00a0 <\/strong><\/p>\n\n\n\n<p class=\"has-text-align-right has-black-color has-text-color\" style=\"font-size:28px\"><strong>Le Dojo se trouve dans le Gymnase de l&rsquo;\u00e9cole communale, rue Cl\u00e9ment \u00e0 4101 Jemeppe<\/strong><\/p>\n\n\n<div class=\"wp-block-image is-style-rounded\">\n<figure class=\"alignright size-large is-resized\"><img loading=\"lazy\" decoding=\"async\" src=\"https:\/\/satoribudo.be\/wp-content\/uploads\/2021\/08\/Salle-rue-Clement-Jemeppe-1-1024x636.jpg\" alt=\"\" class=\"wp-image-246\" width=\"1101\" height=\"684\" srcset=\"https:\/\/satoribudo.be\/wp-content\/uploads\/2021\/08\/Salle-rue-Clement-Jemeppe-1-1024x636.jpg 1024w, https:\/\/satoribudo.be\/wp-content\/uploads\/2021\/08\/Salle-rue-Clement-Jemeppe-1-300x186.jpg 300w, https:\/\/satoribudo.be\/wp-content\/uploads\/2021\/08\/Salle-rue-Clement-Jemeppe-1-768x477.jpg 768w, https:\/\/satoribudo.be\/wp-content\/uploads\/2021\/08\/Salle-rue-Clement-Jemeppe-1.jpg 1119w\" sizes=\"auto, (max-width: 1101px) 100vw, 1101px\" \/><\/figure>\n<\/div>","protected":false},"excerpt":{"rendered":"<p>Pour nous contacter : Alain Germis: 0498\/154650 Alain Hugot: 0472\/752401 Pour nous suivre (sur Facebook): SATORI BUDO JEMEPPE Pour nous rejoindre : &#8211; En venant de Jemeppe, prenez l&rsquo;ancienne route Jemeppe-Fl\u00e9malle, passez devant le d\u00e9p\u00f4t du TEC, tournez \u00e0 droite juste avant le garage Skoda,&#8211; En venant de la voie rapide le long de la [&hellip;]<\/p>\n","protected":false},"author":1,"featured_media":0,"parent":0,"menu_order":0,"comment_status":"closed","ping_status":"closed","template":"","meta":{"footnotes":""},"class_list":["post-169","page","type-page","status-publish","hentry"],"_links":{"self":[{"href":"https:\/\/satoribudo.be\/index.php?rest_route=\/wp\/v2\/pages\/169","targetHints":{"allow":["GET"]}}],"collection":[{"href":"https:\/\/satoribudo.be\/index.php?rest_route=\/wp\/v2\/pages"}],"about":[{"href":"https:\/\/satoribudo.be\/index.php?rest_route=\/wp\/v2\/types\/page"}],"author":[{"embeddable":true,"href":"https:\/\/satoribudo.be\/index.php?rest_route=\/wp\/v2\/users\/1"}],"replies":[{"embeddable":true,"href":"https:\/\/satoribudo.be\/index.php?rest_route=%2Fwp%2Fv2%2Fcomments&post=169"}],"version-history":[{"count":15,"href":"https:\/\/satoribudo.be\/index.php?rest_route=\/wp\/v2\/pages\/169\/revisions"}],"predecessor-version":[{"id":370,"href":"https:\/\/satoribudo.be\/index.php?rest_route=\/wp\/v2\/pages\/169\/revisions\/370"}],"wp:attachment":[{"href":"https:\/\/satoribudo.be\/index.php?rest_route=%2Fwp%2Fv2%2Fmedia&parent=169"}],"curies":[{"name":"wp","href":"https:\/\/api.w.org\/{rel}","templated":true}]}}