{"id":162,"date":"2021-08-03T14:36:43","date_gmt":"2021-08-03T14:36:43","guid":{"rendered":"https:\/\/satoribudo.be\/?page_id=162"},"modified":"2021-08-10T08:41:40","modified_gmt":"2021-08-10T08:41:40","slug":"162-2","status":"publish","type":"page","link":"https:\/\/satoribudo.be\/?page_id=162","title":{"rendered":"Publication"},"content":{"rendered":"\n<div class=\"wp-block-image\"><figure class=\"alignright size-full\"><img loading=\"lazy\" decoding=\"async\" width=\"595\" height=\"446\" src=\"https:\/\/satoribudo.be\/wp-content\/uploads\/2021\/08\/Maitre-Fisset.jpg\" alt=\"\" class=\"wp-image-264\" srcset=\"https:\/\/satoribudo.be\/wp-content\/uploads\/2021\/08\/Maitre-Fisset.jpg 595w, https:\/\/satoribudo.be\/wp-content\/uploads\/2021\/08\/Maitre-Fisset-300x225.jpg 300w\" sizes=\"auto, (max-width: 595px) 100vw, 595px\" \/><\/figure><\/div>\n\n\n\n<p class=\"has-text-align-right has-black-color has-text-color\" style=\"font-size:24px\">Ma\u00eetre Marcel Fisset, 9\u00e8me Dan en A\u00efkido, a derri\u00e8re lui plus de 65 ans de pratique des Arts Martiaux. Il a commenc\u00e9 avec le Ju-Jutsu en 1953 \u00e0 Schaerbeek. Au d\u00e9but des ann\u00e9es 60, c&rsquo;est en passant devant une affiche repr\u00e9sentant des personnes portant le Hakama (un pantalon tr\u00e8s large servant aux c\u00e9r\u00e9monies au Japon et \u00e9galement port\u00e9 par les ceintures noires dans certains arts martiaux) que&nbsp;Ma\u00eetre Fisset entreprit donc de pouvoir lui aussi porter un jour le Hakama. Il se rendit au club \u00ab\u00a0Budo Coll\u00e8ge\u00a0\u00bb, o\u00f9 on pratiquait le Judo et l&rsquo;A\u00efkido sous la direction de feu Ma\u00eetre Naessens, s&rsquo;y inscrivit et apr\u00e8s quelques ann\u00e9es, obtint sa ceinture noire et son pr\u00e9cieux hakama. Dans le m\u00eame temps, il commen\u00e7a l&rsquo;\u00e9tude du Kendo, discipline pour laquelle il se r\u00e9v\u00e9la de suite tr\u00e8s dou\u00e9. Ma\u00eetre Naessens proposa \u00e0 Marcel Fisset de devenir professeur, il accepta et donna des cours de Karat\u00e9, de Judo, d&rsquo;A\u00efkido, de Kendo (il fut le premier \u00e0 amener cette sp\u00e9cialit\u00e9 en Wallonie) et de Ia\u00efdo. Il \u00e9tudia encore des techniques de Self-d\u00e9fense, de Tambo, de Nunchaku, de Yoga, de Shiatsu et de Tai Chi Chuan. Il fut professeur \u00e9galement pour des gardiens de prison et au Minist\u00e8re de la Justice. En 1977, Ma\u00eetre Fisset s&rsquo;installa \u00e0 Spa tout en continuant \u00e0 donner des cours \u00e0 Bruxelles, c&rsquo;est \u00e0 cette \u00e9poque qu&rsquo;il cr\u00e9a \u00ab\u00a0Budo Spa\u00a0\u00bb.<\/p>\n\n\n\n<p class=\"has-text-align-right has-black-color has-text-color\" style=\"font-size:24px\">En 1986, Ma\u00eetre Naessens d\u00e9c\u00e9da et il en fut tr\u00e8s attrist\u00e9 car il admirait \u00e9norm\u00e9ment sa pratique et sa philosophie.Actuellement, Ma\u00eetre Fisset enseigne \u00e0 Li\u00e8ge, Spa et Stavelot tandis que ses \u00e9l\u00e8ves perp\u00e9tuent son enseignement dans leur club de Olne, Angleur, Gr\u00e2ce-Hollogne, Jemeppe et Thimister. Tous ces clubs font partie de la f\u00e9d\u00e9ration Tokushima Budo Council of Europe, qui est elle-m\u00eame rattach\u00e9e \u00e0 la DNBK Japon.<\/p>\n\n\n\n<p class=\"has-text-align-right has-black-color has-text-color\" style=\"font-size:24px\">La m\u00e9thode d&rsquo;enseignement de Ma\u00eetre Fisset consiste \u00e0 rechercher la d\u00e9tente et l&rsquo;unit\u00e9, \u00e0 obtenir ce qu&rsquo;il appelle \u00ab\u00a0la victoire par la paix\u00a0\u00bb. Ainsi, le pratiquant commence r\u00e9ellement son apprentissage quand il obtient sa ceinture noire et il n&rsquo;arrive jamais au bout de la pratique. C&rsquo;est une m\u00e9thode o\u00f9 chacun trouve sa propre voie, o\u00f9 l&rsquo;on privil\u00e8ge l&rsquo;harmonie et la r\u00e9flexion, plut\u00f4t que la violence et o\u00f9 on peut trouver un \u00e9tat d&rsquo;esprit qui m\u00e8ne enfin vers \u00ab\u00a0la victoire par la paix\u00a0\u00bb.&nbsp;<\/p>\n\n\n\n<p class=\"has-text-align-right has-black-color has-text-color\" style=\"font-size:24px\">Et pour terminer, permettez-moi de vous citer une pens\u00e9e de feu Ma\u00eetre Naessens: \u00ab\u00a0Notre fonction est l&rsquo;enseignement des Arts Martiaux traditionnels. Plus exactement, nous voulons transmettre la spiritualit\u00e9 de ces disciplines. Dans juDO, a\u00efki DO, karat\u00e9 DO, kenDO, le vocable \u00ab\u00a0DO\u00a0\u00bb \u00e9voque la paix, la voie \u00e0 suivre pour une meilleure compr\u00e9hension des lois d&rsquo;harmonie qui r\u00e9gissent les rapports de l&rsquo;homme avec l&rsquo;univers. Notre mission ne consiste donc pas seulement \u00e0 faire des champions, sans autres consid\u00e9rations d&rsquo;ordre plus \u00e9lev\u00e9s. La pratique des Arts Martiaux donne d&rsquo;immenses possibilit\u00e9s de self-d\u00e9fense, mais cet aspect utilitaire n&rsquo;est qu&rsquo;une cons\u00e9quence sans en \u00eatre le but ultime. Il s&rsquo;agit plus d&rsquo;am\u00e9liorer la qualit\u00e9 de nos sentiments que de vouloir vaincre \u00e0 tout prix\u00a0\u00bb.&nbsp;&nbsp;<\/p>\n","protected":false},"excerpt":{"rendered":"<p>Ma\u00eetre Marcel Fisset, 9\u00e8me Dan en A\u00efkido, a derri\u00e8re lui plus de 65 ans de pratique des Arts Martiaux. Il a commenc\u00e9 avec le Ju-Jutsu en 1953 \u00e0 Schaerbeek. Au d\u00e9but des ann\u00e9es 60, c&rsquo;est en passant devant une affiche repr\u00e9sentant des personnes portant le Hakama (un pantalon tr\u00e8s large servant aux c\u00e9r\u00e9monies au Japon [&hellip;]<\/p>\n","protected":false},"author":1,"featured_media":0,"parent":0,"menu_order":0,"comment_status":"closed","ping_status":"closed","template":"","meta":{"footnotes":""},"class_list":["post-162","page","type-page","status-publish","hentry"],"_links":{"self":[{"href":"https:\/\/satoribudo.be\/index.php?rest_route=\/wp\/v2\/pages\/162","targetHints":{"allow":["GET"]}}],"collection":[{"href":"https:\/\/satoribudo.be\/index.php?rest_route=\/wp\/v2\/pages"}],"about":[{"href":"https:\/\/satoribudo.be\/index.php?rest_route=\/wp\/v2\/types\/page"}],"author":[{"embeddable":true,"href":"https:\/\/satoribudo.be\/index.php?rest_route=\/wp\/v2\/users\/1"}],"replies":[{"embeddable":true,"href":"https:\/\/satoribudo.be\/index.php?rest_route=%2Fwp%2Fv2%2Fcomments&post=162"}],"version-history":[{"count":9,"href":"https:\/\/satoribudo.be\/index.php?rest_route=\/wp\/v2\/pages\/162\/revisions"}],"predecessor-version":[{"id":368,"href":"https:\/\/satoribudo.be\/index.php?rest_route=\/wp\/v2\/pages\/162\/revisions\/368"}],"wp:attachment":[{"href":"https:\/\/satoribudo.be\/index.php?rest_route=%2Fwp%2Fv2%2Fmedia&parent=162"}],"curies":[{"name":"wp","href":"https:\/\/api.w.org\/{rel}","templated":true}]}}