{"id":157,"date":"2021-08-03T14:28:03","date_gmt":"2021-08-03T14:28:03","guid":{"rendered":"https:\/\/satoribudo.be\/?page_id=157"},"modified":"2025-05-28T14:46:37","modified_gmt":"2025-05-28T14:46:37","slug":"les-news","status":"publish","type":"page","link":"https:\/\/satoribudo.be\/?page_id=157","title":{"rendered":"Les News"},"content":{"rendered":"<div class=\"wp-block-image is-resized\">\n<figure class=\"aligncenter size-full\"><img loading=\"lazy\" decoding=\"async\" width=\"150\" height=\"150\" src=\"https:\/\/satoribudo.be\/wp-content\/uploads\/2021\/08\/News1.gif\" alt=\"\" class=\"wp-image-291\"\/><\/figure>\n<\/div>\n\n\n<figure class=\"wp-block-pullquote has-black-color has-luminous-vivid-orange-background-color has-text-color has-background has-link-color wp-elements-f58034888fd1c00b8175e93290a95fab\" style=\"font-size:24px\"><blockquote><p><strong>Sensei Germis nomm\u00e9 7\u00e8me Dan en A\u00efki-Jujutsu<\/strong><\/p><cite>Ce dimanche 25 Mai 2025, Sensei Alain Germis a re\u00e7u le grade de 7\u00e8me Dan en A\u00efki-jujutsu lors du Shodan de la f\u00e9d\u00e9ration A.T.M.I.<\/cite><\/blockquote><\/figure>\n\n\n<div class=\"wp-block-image\">\n<figure class=\"aligncenter size-full\"><img loading=\"lazy\" decoding=\"async\" width=\"115\" height=\"115\" src=\"https:\/\/satoribudo.be\/wp-content\/uploads\/2025\/05\/applause.gif\" alt=\"\" class=\"wp-image-397\"\/><\/figure>\n<\/div>\n\n\n<p class=\"has-text-align-center has-black-color has-text-color\" style=\"font-size:24px\">Les cours ont lieu tous les samedis d\u00e9s 10 heures dans notre Dojo, rue Cl\u00e9ment \u00e0 4101 Jemeppe (Gymnase de l&rsquo;\u00e9cole communale), sauf lors des vacances scolaires (Dojo ferm\u00e9)<\/p>\n\n\n<div class=\"wp-block-image is-resized\">\n<figure class=\"aligncenter size-full\"><img loading=\"lazy\" decoding=\"async\" width=\"500\" height=\"288\" src=\"https:\/\/satoribudo.be\/wp-content\/uploads\/2021\/08\/Katana2.gif\" alt=\"\" class=\"wp-image-295\"\/><\/figure>\n<\/div>\n\n\n<p class=\"has-text-align-center has-black-color has-text-color\" style=\"font-size:24px\">Le 1er Janvier 2022, le Satori Budo ASBL avait int\u00e8gr\u00e9 la F\u00e9d\u00e9ration internationale B T G J (Budo &amp; Tsue Gei Jutsu); celle-ci sera dissoute fin 2024 pour donner place \u00e0 A.T.M.I (Alliance des Traditions Martiales Internationale).<\/p>\n\n\n<div class=\"wp-block-image\">\n<figure class=\"aligncenter size-large is-resized\"><img loading=\"lazy\" decoding=\"async\" width=\"1024\" height=\"1024\" src=\"https:\/\/satoribudo.be\/wp-content\/uploads\/2025\/05\/1730834369222-1024x1024.jpg\" alt=\"\" class=\"wp-image-395\" style=\"width:501px;height:auto\" srcset=\"https:\/\/satoribudo.be\/wp-content\/uploads\/2025\/05\/1730834369222-1024x1024.jpg 1024w, https:\/\/satoribudo.be\/wp-content\/uploads\/2025\/05\/1730834369222-300x300.jpg 300w, https:\/\/satoribudo.be\/wp-content\/uploads\/2025\/05\/1730834369222-150x150.jpg 150w, https:\/\/satoribudo.be\/wp-content\/uploads\/2025\/05\/1730834369222-768x768.jpg 768w, https:\/\/satoribudo.be\/wp-content\/uploads\/2025\/05\/1730834369222-1536x1536.jpg 1536w, https:\/\/satoribudo.be\/wp-content\/uploads\/2025\/05\/1730834369222-144x144.jpg 144w, https:\/\/satoribudo.be\/wp-content\/uploads\/2025\/05\/1730834369222.jpg 1772w\" sizes=\"auto, (max-width: 1024px) 100vw, 1024px\" \/><\/figure>\n<\/div>","protected":false},"excerpt":{"rendered":"<p>Sensei Germis nomm\u00e9 7\u00e8me Dan en A\u00efki-Jujutsu Ce dimanche 25 Mai 2025, Sensei Alain Germis a re\u00e7u le grade de 7\u00e8me Dan en A\u00efki-jujutsu lors du Shodan de la f\u00e9d\u00e9ration A.T.M.I. Les cours ont lieu tous les samedis d\u00e9s 10 heures dans notre Dojo, rue Cl\u00e9ment \u00e0 4101 Jemeppe (Gymnase de l&rsquo;\u00e9cole communale), sauf lors [&hellip;]<\/p>\n","protected":false},"author":1,"featured_media":0,"parent":0,"menu_order":0,"comment_status":"closed","ping_status":"closed","template":"","meta":{"footnotes":""},"class_list":["post-157","page","type-page","status-publish","hentry"],"_links":{"self":[{"href":"https:\/\/satoribudo.be\/index.php?rest_route=\/wp\/v2\/pages\/157","targetHints":{"allow":["GET"]}}],"collection":[{"href":"https:\/\/satoribudo.be\/index.php?rest_route=\/wp\/v2\/pages"}],"about":[{"href":"https:\/\/satoribudo.be\/index.php?rest_route=\/wp\/v2\/types\/page"}],"author":[{"embeddable":true,"href":"https:\/\/satoribudo.be\/index.php?rest_route=\/wp\/v2\/users\/1"}],"replies":[{"embeddable":true,"href":"https:\/\/satoribudo.be\/index.php?rest_route=%2Fwp%2Fv2%2Fcomments&post=157"}],"version-history":[{"count":16,"href":"https:\/\/satoribudo.be\/index.php?rest_route=\/wp\/v2\/pages\/157\/revisions"}],"predecessor-version":[{"id":404,"href":"https:\/\/satoribudo.be\/index.php?rest_route=\/wp\/v2\/pages\/157\/revisions\/404"}],"wp:attachment":[{"href":"https:\/\/satoribudo.be\/index.php?rest_route=%2Fwp%2Fv2%2Fmedia&parent=157"}],"curies":[{"name":"wp","href":"https:\/\/api.w.org\/{rel}","templated":true}]}}