{"id":143,"date":"2021-08-03T14:11:44","date_gmt":"2021-08-03T14:11:44","guid":{"rendered":"https:\/\/satoribudo.be\/?page_id=143"},"modified":"2025-05-28T14:52:42","modified_gmt":"2025-05-28T14:52:42","slug":"adherents","status":"publish","type":"page","link":"https:\/\/satoribudo.be\/?page_id=143","title":{"rendered":"Adh\u00e9rents"},"content":{"rendered":"<div class=\"wp-block-image\">\n<figure class=\"aligncenter size-full\"><img loading=\"lazy\" decoding=\"async\" width=\"240\" height=\"240\" src=\"https:\/\/satoribudo.be\/wp-content\/uploads\/2021\/08\/samurai_rei.gif\" alt=\"\" class=\"wp-image-298\"\/><\/figure>\n<\/div>\n\n\n<p class=\"has-text-align-center has-black-color has-text-color\" style=\"font-size:28px\"><strong>Cette page est r\u00e9serv\u00e9e aux grad\u00e9s du Club, en esp\u00e9rant vous y retrouver bient\u00f4t<\/strong><\/p>\n\n\n<div class=\"wp-block-image\">\n<figure class=\"aligncenter size-large is-resized\"><img loading=\"lazy\" decoding=\"async\" width=\"1024\" height=\"683\" src=\"https:\/\/satoribudo.be\/wp-content\/uploads\/2022\/08\/IMG_0057-1024x683.jpg\" alt=\"\" class=\"wp-image-355\" style=\"width:512px;height:342px\" srcset=\"https:\/\/satoribudo.be\/wp-content\/uploads\/2022\/08\/IMG_0057-1024x683.jpg 1024w, https:\/\/satoribudo.be\/wp-content\/uploads\/2022\/08\/IMG_0057-300x200.jpg 300w, https:\/\/satoribudo.be\/wp-content\/uploads\/2022\/08\/IMG_0057-768x512.jpg 768w, https:\/\/satoribudo.be\/wp-content\/uploads\/2022\/08\/IMG_0057-1536x1024.jpg 1536w, https:\/\/satoribudo.be\/wp-content\/uploads\/2022\/08\/IMG_0057-2048x1365.jpg 2048w\" sizes=\"auto, (max-width: 1024px) 100vw, 1024px\" \/><\/figure>\n<\/div>\n\n\n<h2 class=\"wp-block-heading has-text-align-center has-black-color has-text-color has-link-color has-medium-font-size wp-elements-455af3b1e36b42969d5a197549627a9e\">Sensei Alain Germis 7\u00e8me Dan en A\u00efki-Jujutsu, 3\u00e8me Dan en A\u00efkido, 3\u00e8me Dan en Ia\u00efdo<\/h2>\n\n\n\n<p><\/p>\n\n\n<div class=\"wp-block-image\">\n<figure class=\"aligncenter size-large is-resized\"><img loading=\"lazy\" decoding=\"async\" width=\"1024\" height=\"683\" src=\"https:\/\/satoribudo.be\/wp-content\/uploads\/2022\/08\/IMG_0008-1024x683.jpg\" alt=\"\" class=\"wp-image-373\" style=\"width:512px;height:342px\" srcset=\"https:\/\/satoribudo.be\/wp-content\/uploads\/2022\/08\/IMG_0008-1024x683.jpg 1024w, https:\/\/satoribudo.be\/wp-content\/uploads\/2022\/08\/IMG_0008-300x200.jpg 300w, https:\/\/satoribudo.be\/wp-content\/uploads\/2022\/08\/IMG_0008-768x512.jpg 768w, https:\/\/satoribudo.be\/wp-content\/uploads\/2022\/08\/IMG_0008-1536x1024.jpg 1536w, https:\/\/satoribudo.be\/wp-content\/uploads\/2022\/08\/IMG_0008-2048x1365.jpg 2048w\" sizes=\"auto, (max-width: 1024px) 100vw, 1024px\" \/><\/figure>\n<\/div>\n\n\n<p class=\"has-text-align-center has-black-color has-text-color has-medium-font-size\"><strong>Sensei Alain Hugot 4\u00e8me Dan en A\u00efki-Jujutsu, 2\u00e8me Dan en A\u00efkido<\/strong><\/p>\n\n\n<div class=\"wp-block-image\">\n<figure class=\"aligncenter size-large is-resized\"><img loading=\"lazy\" decoding=\"async\" width=\"1024\" height=\"683\" src=\"https:\/\/satoribudo.be\/wp-content\/uploads\/2022\/08\/IMG_0060-1024x683.jpg\" alt=\"\" class=\"wp-image-374\" style=\"width:512px;height:342px\" srcset=\"https:\/\/satoribudo.be\/wp-content\/uploads\/2022\/08\/IMG_0060-1024x683.jpg 1024w, https:\/\/satoribudo.be\/wp-content\/uploads\/2022\/08\/IMG_0060-300x200.jpg 300w, https:\/\/satoribudo.be\/wp-content\/uploads\/2022\/08\/IMG_0060-768x512.jpg 768w, https:\/\/satoribudo.be\/wp-content\/uploads\/2022\/08\/IMG_0060-1536x1024.jpg 1536w, https:\/\/satoribudo.be\/wp-content\/uploads\/2022\/08\/IMG_0060-2048x1365.jpg 2048w\" sizes=\"auto, (max-width: 1024px) 100vw, 1024px\" \/><\/figure>\n<\/div>\n\n\n<p class=\"has-text-align-center has-black-color has-text-color has-medium-font-size\"><strong>Christelle Pontanus 3\u00e8me Dan en A\u00efki-Jujutsu, 1er Dan en A\u00efkido<\/strong><\/p>\n\n\n<div class=\"wp-block-image\">\n<figure class=\"aligncenter size-large is-resized\"><img loading=\"lazy\" decoding=\"async\" width=\"1024\" height=\"683\" src=\"https:\/\/satoribudo.be\/wp-content\/uploads\/2022\/08\/IMG_0056-1024x683.jpg\" alt=\"\" class=\"wp-image-375\" style=\"width:512px;height:342px\" srcset=\"https:\/\/satoribudo.be\/wp-content\/uploads\/2022\/08\/IMG_0056-1024x683.jpg 1024w, https:\/\/satoribudo.be\/wp-content\/uploads\/2022\/08\/IMG_0056-300x200.jpg 300w, https:\/\/satoribudo.be\/wp-content\/uploads\/2022\/08\/IMG_0056-768x512.jpg 768w, https:\/\/satoribudo.be\/wp-content\/uploads\/2022\/08\/IMG_0056-1536x1024.jpg 1536w, https:\/\/satoribudo.be\/wp-content\/uploads\/2022\/08\/IMG_0056-2048x1365.jpg 2048w\" sizes=\"auto, (max-width: 1024px) 100vw, 1024px\" \/><\/figure>\n<\/div>\n\n\n<p class=\"has-text-align-center has-black-color has-text-color has-medium-font-size\"><strong>Bernard Simon 3\u00e8me Dan en A\u00efki-Jujutsu, 1er Dan en A\u00efkido<\/strong><\/p>\n\n\n<div class=\"wp-block-image\">\n<figure class=\"aligncenter size-large is-resized\"><img loading=\"lazy\" decoding=\"async\" width=\"1024\" height=\"683\" src=\"https:\/\/satoribudo.be\/wp-content\/uploads\/2022\/08\/IMG_0058-1024x683.jpg\" alt=\"\" class=\"wp-image-376\" style=\"width:512px;height:342px\" srcset=\"https:\/\/satoribudo.be\/wp-content\/uploads\/2022\/08\/IMG_0058-1024x683.jpg 1024w, https:\/\/satoribudo.be\/wp-content\/uploads\/2022\/08\/IMG_0058-300x200.jpg 300w, https:\/\/satoribudo.be\/wp-content\/uploads\/2022\/08\/IMG_0058-768x512.jpg 768w, https:\/\/satoribudo.be\/wp-content\/uploads\/2022\/08\/IMG_0058-1536x1024.jpg 1536w, https:\/\/satoribudo.be\/wp-content\/uploads\/2022\/08\/IMG_0058-2048x1365.jpg 2048w\" sizes=\"auto, (max-width: 1024px) 100vw, 1024px\" \/><\/figure>\n<\/div>\n\n\n<p class=\"has-text-align-center has-black-color has-text-color has-medium-font-size\"><strong>Christine Hanoul 2\u00e8me Dan en A\u00efki-Jujutsu<\/strong><\/p>\n\n\n<div class=\"wp-block-image\">\n<figure class=\"aligncenter size-large is-resized\"><img loading=\"lazy\" decoding=\"async\" width=\"1024\" height=\"791\" src=\"https:\/\/satoribudo.be\/wp-content\/uploads\/2022\/08\/Marc-1024x791.jpg\" alt=\"\" class=\"wp-image-378\" style=\"width:511px;height:395px\" srcset=\"https:\/\/satoribudo.be\/wp-content\/uploads\/2022\/08\/Marc-1024x791.jpg 1024w, https:\/\/satoribudo.be\/wp-content\/uploads\/2022\/08\/Marc-300x232.jpg 300w, https:\/\/satoribudo.be\/wp-content\/uploads\/2022\/08\/Marc-768x594.jpg 768w, https:\/\/satoribudo.be\/wp-content\/uploads\/2022\/08\/Marc-1536x1187.jpg 1536w, https:\/\/satoribudo.be\/wp-content\/uploads\/2022\/08\/Marc.jpg 2025w\" sizes=\"auto, (max-width: 1024px) 100vw, 1024px\" \/><\/figure>\n<\/div>\n\n\n<p class=\"has-text-align-center has-black-color has-text-color has-medium-font-size\"><strong>Marc Wildrianne 1er Dan en A\u00efki-Jujutsu, 1er Dan en A\u00efkido<\/strong><\/p>\n\n\n<div class=\"wp-block-image\">\n<figure class=\"aligncenter size-large is-resized\"><img loading=\"lazy\" decoding=\"async\" width=\"1024\" height=\"740\" src=\"https:\/\/satoribudo.be\/wp-content\/uploads\/2022\/08\/Laurent-1024x740.jpg\" alt=\"\" class=\"wp-image-379\" style=\"width:512px;height:370px\" srcset=\"https:\/\/satoribudo.be\/wp-content\/uploads\/2022\/08\/Laurent-1024x740.jpg 1024w, https:\/\/satoribudo.be\/wp-content\/uploads\/2022\/08\/Laurent-300x217.jpg 300w, https:\/\/satoribudo.be\/wp-content\/uploads\/2022\/08\/Laurent-768x555.jpg 768w, https:\/\/satoribudo.be\/wp-content\/uploads\/2022\/08\/Laurent-1536x1110.jpg 1536w, https:\/\/satoribudo.be\/wp-content\/uploads\/2022\/08\/Laurent-2048x1480.jpg 2048w\" sizes=\"auto, (max-width: 1024px) 100vw, 1024px\" \/><\/figure>\n<\/div>\n\n\n<p class=\"has-text-align-center has-black-color has-text-color has-medium-font-size\"><strong>Laurent Paty 2\u00e8me Dan en A\u00efki-Jujutsu, 1er Dan en A\u00efkido<\/strong><\/p>\n","protected":false},"excerpt":{"rendered":"<p>Cette page est r\u00e9serv\u00e9e aux grad\u00e9s du Club, en esp\u00e9rant vous y retrouver bient\u00f4t Sensei Alain Germis 7\u00e8me Dan en A\u00efki-Jujutsu, 3\u00e8me Dan en A\u00efkido, 3\u00e8me Dan en Ia\u00efdo Sensei Alain Hugot 4\u00e8me Dan en A\u00efki-Jujutsu, 2\u00e8me Dan en A\u00efkido Christelle Pontanus 3\u00e8me Dan en A\u00efki-Jujutsu, 1er Dan en A\u00efkido Bernard Simon 3\u00e8me Dan en [&hellip;]<\/p>\n","protected":false},"author":1,"featured_media":0,"parent":0,"menu_order":0,"comment_status":"closed","ping_status":"closed","template":"","meta":{"footnotes":""},"class_list":["post-143","page","type-page","status-publish","hentry"],"_links":{"self":[{"href":"https:\/\/satoribudo.be\/index.php?rest_route=\/wp\/v2\/pages\/143","targetHints":{"allow":["GET"]}}],"collection":[{"href":"https:\/\/satoribudo.be\/index.php?rest_route=\/wp\/v2\/pages"}],"about":[{"href":"https:\/\/satoribudo.be\/index.php?rest_route=\/wp\/v2\/types\/page"}],"author":[{"embeddable":true,"href":"https:\/\/satoribudo.be\/index.php?rest_route=\/wp\/v2\/users\/1"}],"replies":[{"embeddable":true,"href":"https:\/\/satoribudo.be\/index.php?rest_route=%2Fwp%2Fv2%2Fcomments&post=143"}],"version-history":[{"count":22,"href":"https:\/\/satoribudo.be\/index.php?rest_route=\/wp\/v2\/pages\/143\/revisions"}],"predecessor-version":[{"id":406,"href":"https:\/\/satoribudo.be\/index.php?rest_route=\/wp\/v2\/pages\/143\/revisions\/406"}],"wp:attachment":[{"href":"https:\/\/satoribudo.be\/index.php?rest_route=%2Fwp%2Fv2%2Fmedia&parent=143"}],"curies":[{"name":"wp","href":"https:\/\/api.w.org\/{rel}","templated":true}]}}