{"id":134,"date":"2021-08-03T14:01:23","date_gmt":"2021-08-03T14:01:23","guid":{"rendered":"https:\/\/satoribudo.be\/?page_id=134"},"modified":"2025-05-28T13:50:05","modified_gmt":"2025-05-28T13:50:05","slug":"134-2","status":"publish","type":"page","link":"https:\/\/satoribudo.be\/?page_id=134","title":{"rendered":"Pr\u00e9sentation"},"content":{"rendered":"<div class=\"wp-block-image\">\n<figure class=\"alignright size-full is-resized\"><img loading=\"lazy\" decoding=\"async\" width=\"512\" height=\"512\" src=\"https:\/\/satoribudo.be\/wp-content\/uploads\/2021\/07\/cropped-Satori-Budo-2-1.jpg\" alt=\"\" class=\"wp-image-8\" style=\"width:333px;height:333px\" srcset=\"https:\/\/satoribudo.be\/wp-content\/uploads\/2021\/07\/cropped-Satori-Budo-2-1.jpg 512w, https:\/\/satoribudo.be\/wp-content\/uploads\/2021\/07\/cropped-Satori-Budo-2-1-300x300.jpg 300w, https:\/\/satoribudo.be\/wp-content\/uploads\/2021\/07\/cropped-Satori-Budo-2-1-150x150.jpg 150w, https:\/\/satoribudo.be\/wp-content\/uploads\/2021\/07\/cropped-Satori-Budo-2-1-270x270.jpg 270w, https:\/\/satoribudo.be\/wp-content\/uploads\/2021\/07\/cropped-Satori-Budo-2-1-192x192.jpg 192w, https:\/\/satoribudo.be\/wp-content\/uploads\/2021\/07\/cropped-Satori-Budo-2-1-180x180.jpg 180w, https:\/\/satoribudo.be\/wp-content\/uploads\/2021\/07\/cropped-Satori-Budo-2-1-32x32.jpg 32w\" sizes=\"auto, (max-width: 512px) 100vw, 512px\" \/><\/figure>\n<\/div>\n\n\n<p class=\"has-black-color has-text-color\"><strong><u>Satori Budo, c&rsquo;est quoi ??<\/u><\/strong>\u00a0<br><br><strong>L&rsquo;historique<\/strong>\u00a0<br>Cette \u00e9cole d&rsquo;Arts Martiaux Traditionnels Japonais existe en fait depuis 1999; elle a \u00e9t\u00e9 cr\u00e9\u00e9e par Alain Germis, le Sensei du Club. Ce dernier a suivi pendant des ann\u00e9es l&rsquo;enseignement des techniques d&rsquo;A\u00efki-Jujutsu, donn\u00e9 par Sensei Eric Van Antwerpen au sein de la F\u00e9d\u00e9ration \u00ab\u00a0Takeda Ryu Maroto-Ha\u00a0\u00bb. Il cr\u00e9a donc son premier Club\u00a0en 1999,\u00a0dans son Dojo situ\u00e9 dans le gymnase de l&rsquo;\u00e9cole de Fl\u00f4ne\u00a0avec 5 \u00e9l\u00e8ves pour culminer ensuite \u00e0 27 en 2001, d&rsquo;o\u00f9 son nom de \u00ab\u00a0Club de Fl\u00f4ne\u00a0\u00bb. Cette ann\u00e9e-l\u00e0, le Club d\u00e9m\u00e8nage \u00e0 l&rsquo;\u00e9cole de Hermalle-sous-Huy, o\u00f9 il resta jusqu&rsquo;en 2005 (le nombre d&rsquo;\u00e9l\u00e8ves fluctua de 16 \u00e0 27 pendant cette p\u00e9riode), puis il changea \u00e0 nouveau d&rsquo;adresse pour aller 200 m\u00e8tres plus loin dans la salle des f\u00eates, et ceci pour une p\u00e9riode de 2 ans.<br>Ce n&rsquo;est que dans le courant de l&rsquo;ann\u00e9e\u00a02007 que le Club de Fl\u00f4ne s&rsquo;implenta d\u00e9finitivement dans son Dojo actuel, Rue Cl\u00e9ment \u00e0 Jemeppe, et prit de ce fait\u00a0le nouveau nom de \u00ab\u00a0A\u00efki-jujutsu Club de Jemeppe\u00a0\u00bb; c&rsquo;est \u00e0 ce moment et pour la premi\u00e8re fois de son histoire qu&rsquo;il\u00a0fut constitu\u00e9 d&rsquo;un comit\u00e9, la famille Hugot l&rsquo;int\u00e9gra en y apportant\u00a0du renouveau, du punch, des id\u00e9es et des envies\u00a0destin\u00e9es \u00e0\u00a0faire grandir le Club.\u00a0Mais la saga ne s&rsquo;arr\u00eata pas encore l\u00e0,\u00a0suite \u00e0 des divergences d&rsquo;opinion et de point de vue entre la F\u00e9d\u00e9ration \u00ab\u00a0Takeda Ryu Maroto-Ha\u00a0\u00bb et les responsables de notre Club, tous deux\u00a0n&rsquo;\u00e9tant plus en phase, nous avons d\u00e9cid\u00e9 de chercher une nouvelle ligue correspondant mieux \u00e0 nos attentes et \u00e0 celle de nos membres; et nous avons trouv\u00e9 \u00ab\u00a0Budospa\u00a0\u00bb, dirig\u00e9e par Maitre Marcel Fisset. Apr\u00e8s les diverses explications de ce que nous recherchions dans les arts martiaux, dans sa philosophie, dans son approche, dans son ambiance, Maitre Fisset a accept\u00e9 que nous rejoignions sa f\u00e9d\u00e9ration\u00a0d\u00e8s Janvier 2012. Fin 2021 et suite \u00e0 l&rsquo;arr\u00eat des activit\u00e9s de Mr Fisset, notre Club a d\u00e9cid\u00e9 de d\u00e9missionner de l&rsquo;\u00e9cole \u00ab\u00a0Budo Spa\u00a0\u00bb (et ceci apr\u00e8s un vote aupr\u00e8s des dirigeants et \u00e9l\u00e8ves) et ceci afin d&rsquo;en revenir aux origines de notre pratique de l&rsquo; A\u00efki-Jujutsu; nous avons donc cherch\u00e9 une nouvelle f\u00e9d\u00e9ration et avons trouv\u00e9 la BTGJ (Budo Tsue Gei Jutsu) qui a accept\u00e9 de nous h\u00e9berger, nous int\u00e9grons donc cette nouvelle f\u00e9d\u00e9ration d\u00e9s Janvier 2022. Dans le courant de l&rsquo;ann\u00e9e 2024, Steve Clara (Pr\u00e9sident de la BTGJ) a donn\u00e9 sa d\u00e9mission et la f\u00e9d\u00e9ration a donc \u00e9t\u00e9 dissoute au profit d&rsquo;une nouvelle qui repart sur les bases de celle-ci. Cette nouvelle f\u00e9d\u00e9ration s&rsquo;appelle A.T.M.I (Alliance de Traditions Martiale Internationale). <br>Attention, je fais directement une mise au point importante: nous ne remettons nullement en cause l&rsquo;enseignement\u00a0de l&rsquo;\u00e9cole Takeda Ryu, qui est tr\u00e8s bon, tr\u00e8s valable et vraiment efficace mais uniquement le c\u00f4t\u00e9 psychologique\u00a0ainsi que\u00a0l&rsquo;ambiance amicale et familiale que nous n&rsquo;y retrouvions plus; nous sommes partis en tr\u00e8s bons termes avec notre ancienne f\u00e9d\u00e9ration et nous gardons de nombreux contacts amicaux avec nos \u00ab\u00a0anciens fr\u00e8res d&rsquo;armes\u00a0\u00bb. Nous gardons \u00e9galement de tr\u00e8s bons souvenirs de notre pratique dans l&rsquo;\u00e9cole \u00ab\u00a0Budo Spa\u00a0\u00bb et gardons de bons contacts avec ses membres. Ainsi fut donc cr\u00e9\u00e9 le \u00ab\u00a0Satori Budo Jemeppe\u00a0\u00bb.<br>\u00a0<br><strong><u>Satori Budo<\/u><\/strong><br>C&rsquo;est apr\u00e8s une m\u00fbre r\u00e9flexion que nous avons opt\u00e9 pour ce nom, il fallait trouver quelque chose qui correspondait\u00a0\u00e0 nos attentes et qui repr\u00e9sentait au mieux ce que nous recherchions vraiment dans les Arts Martiaux.<br>Satori = Recherche de la sagesse par la pratique des Arts Martiaux,<br>Budo = Terme g\u00e9n\u00e9rique d\u00e9signant l&rsquo;ensemble des Arts Martiaux Japonais (Bu = guerrier , Do = voie).<br>\u00a0<br><strong><u>L&rsquo;enseignement<\/u><\/strong><br>\u00a0L&rsquo;art martial principal actuel de notre \u00e9cole est\u00a0<strong>l&rsquo;A\u00efki-jujutsu<\/strong>\u00a0et la <strong>Self-d\u00e9fense japonaise<\/strong>.<br>Il y a \u00e9galement des sp\u00e9cialit\u00e9s annexes li\u00e9es aux armes:<br>Le\u00a0<strong>Jodo<\/strong>: b\u00e2ton moyen,<br>Le\u00a0<strong>Iaido<\/strong>: sabre m\u00e9tallique (uniquement accessible \u00e0 partir de 16 ans),<br>Le\u00a0<strong>Tessen<\/strong>: \u00e9ventail de combat,<br>Le\u00a0<strong>Ken-Jutsu<\/strong>: aussi appell\u00e9 le\u00a0<strong>Bokken<\/strong>: sabre en bois,<br>Les cours sont donn\u00e9s 2 fois par semaine et sont accessibles \u00e0 tous et toutes d\u00e8s l&rsquo;\u00e2ge de 8 ans. Les cours \u00ab\u00a0sp\u00e9cialit\u00e9s armes\u00a0\u00bb se font \u00e0 des dates d\u00e9termin\u00e9es et communiqu\u00e9es aux \u00e9l\u00e8ves (sauf demande sp\u00e9cifique). Les cours ont lieu le mercredi de 17 h 00 \u00e0 19 h 00 et le samedi de 10 h 00 \u00e0 12 h 00.<br><br><strong>Adresse du Dojo<\/strong>: Gymnase de l&rsquo;\u00e9cole communale, rue Cl\u00e9ment \u00e0 Jemeppe.\u00a0<br><br><strong><u>Garantie et tarif:<\/u><\/strong><br>\u00a0Pour pouvoir pratiquer, l&rsquo;\u00e9l\u00e8ve devra s&rsquo;affilier \u00e0 la F\u00e9d\u00e9ration \u00ab\u00a0A.T.M.I\u00a0\u00bb et s&rsquo;acquitter du paiement annuel d&rsquo;affiliation comme membre; dans son club, une cotisation mensuelle\u00a0lui sera demand\u00e9e pour la participation\u00a0et les cours re\u00e7us. Les tarifs sont \u00e0 votre disposition aupr\u00e8s du responsable du Club.\u00a0<\/p>\n\n\n\n<figure class=\"wp-block-image size-large\"><img loading=\"lazy\" decoding=\"async\" width=\"1024\" height=\"233\" src=\"https:\/\/satoribudo.be\/wp-content\/uploads\/2021\/07\/logo37-1024x233.jpg\" alt=\"\" class=\"wp-image-13\" srcset=\"https:\/\/satoribudo.be\/wp-content\/uploads\/2021\/07\/logo37-1024x233.jpg 1024w, https:\/\/satoribudo.be\/wp-content\/uploads\/2021\/07\/logo37-300x68.jpg 300w, https:\/\/satoribudo.be\/wp-content\/uploads\/2021\/07\/logo37-768x175.jpg 768w, https:\/\/satoribudo.be\/wp-content\/uploads\/2021\/07\/logo37-1536x349.jpg 1536w, https:\/\/satoribudo.be\/wp-content\/uploads\/2021\/07\/logo37-2048x466.jpg 2048w\" sizes=\"auto, (max-width: 1024px) 100vw, 1024px\" \/><\/figure>\n","protected":false},"excerpt":{"rendered":"<p>Satori Budo, c&rsquo;est quoi ??\u00a0 L&rsquo;historique\u00a0Cette \u00e9cole d&rsquo;Arts Martiaux Traditionnels Japonais existe en fait depuis 1999; elle a \u00e9t\u00e9 cr\u00e9\u00e9e par Alain Germis, le Sensei du Club. Ce dernier a suivi pendant des ann\u00e9es l&rsquo;enseignement des techniques d&rsquo;A\u00efki-Jujutsu, donn\u00e9 par Sensei Eric Van Antwerpen au sein de la F\u00e9d\u00e9ration \u00ab\u00a0Takeda Ryu Maroto-Ha\u00a0\u00bb. Il cr\u00e9a donc [&hellip;]<\/p>\n","protected":false},"author":1,"featured_media":0,"parent":0,"menu_order":0,"comment_status":"closed","ping_status":"closed","template":"","meta":{"footnotes":""},"class_list":["post-134","page","type-page","status-publish","hentry"],"_links":{"self":[{"href":"https:\/\/satoribudo.be\/index.php?rest_route=\/wp\/v2\/pages\/134","targetHints":{"allow":["GET"]}}],"collection":[{"href":"https:\/\/satoribudo.be\/index.php?rest_route=\/wp\/v2\/pages"}],"about":[{"href":"https:\/\/satoribudo.be\/index.php?rest_route=\/wp\/v2\/types\/page"}],"author":[{"embeddable":true,"href":"https:\/\/satoribudo.be\/index.php?rest_route=\/wp\/v2\/users\/1"}],"replies":[{"embeddable":true,"href":"https:\/\/satoribudo.be\/index.php?rest_route=%2Fwp%2Fv2%2Fcomments&post=134"}],"version-history":[{"count":15,"href":"https:\/\/satoribudo.be\/index.php?rest_route=\/wp\/v2\/pages\/134\/revisions"}],"predecessor-version":[{"id":403,"href":"https:\/\/satoribudo.be\/index.php?rest_route=\/wp\/v2\/pages\/134\/revisions\/403"}],"wp:attachment":[{"href":"https:\/\/satoribudo.be\/index.php?rest_route=%2Fwp%2Fv2%2Fmedia&parent=134"}],"curies":[{"name":"wp","href":"https:\/\/api.w.org\/{rel}","templated":true}]}}